{"id":4236,"date":"2020-06-23T14:52:23","date_gmt":"2020-06-23T18:52:23","guid":{"rendered":"https:\/\/teachnuclear.cna.ca\/page-not-found\/"},"modified":"2020-06-25T17:05:42","modified_gmt":"2020-06-25T21:05:42","slug":"page-not-found","status":"publish","type":"page","link":"https:\/\/teachnuclear.ca\/fr\/page-not-found\/","title":{"rendered":"Page non trouv\u00e9e"},"content":{"rendered":"<p>Bienvenue sur le nouveau site Web TeachNuclear am\u00e9lior\u00e9! L\u2019Association nucl\u00e9aire canadienne s\u2019est associ\u00e9e \u00e0 Parlons science pour mettre \u00e0 jour les plans de cours align\u00e9s sur le programme. Nous avons \u00e9galement r\u00e9organis\u00e9 notre site Web pour qu\u2019il soit plus facile de trouver les plans de cours qui conviennent \u00e0 vos \u00e9l\u00e8ves. Vous pouvez filtrer par province, ann\u00e9e et m\u00eame cours pr\u00e9cis et t\u00e9l\u00e9charger les plans de le\u00e7on gratuits, les tableaux d&#8217;alignement des programmes et les fiches t\u00e9l\u00e9chargeables (BLM) de la page Cours.<\/p>\n<p>Malheureusement, la page Web que vous recherchez n&#8217;est plus l\u00e0. Veuillez vous rendre sur\u00a0<a href=\"https:\/\/teachnuclear.cna.ca\/fr\/cours\/\">la page Cours<\/a>\u00a0pour trouver les informations mises \u00e0 jour que vous recherchez.<\/p>\n<p>D\u00e9sol\u00e9 pour le d\u00e9sagr\u00e9ment.<\/p>\n","protected":false},"excerpt":{"rendered":"<p>Bienvenue sur le nouveau site Web TeachNuclear am\u00e9lior\u00e9! L\u2019Association nucl\u00e9aire canadienne s\u2019est associ\u00e9e \u00e0 Parlons science pour mettre \u00e0 jour les plans de cours align\u00e9s sur le programme. Nous avons \u00e9galement r\u00e9organis\u00e9 notre site Web pour qu\u2019il soit plus facile de trouver les plans de cours qui conviennent \u00e0 vos \u00e9l\u00e8ves. Vous pouvez filtrer par [&hellip;]<\/p>\n","protected":false},"author":1,"featured_media":0,"parent":0,"menu_order":0,"comment_status":"closed","ping_status":"closed","template":"template-404.php","meta":{"_acf_changed":false,"footnotes":""},"class_list":["post-4236","page","type-page","status-publish","hentry"],"acf":[],"yoast_head":"<!-- This site is optimized with the Yoast SEO plugin v27.3 - https:\/\/yoast.com\/product\/yoast-seo-wordpress\/ -->\n<title>Page non trouv\u00e9e - Teach Nuclear<\/title>\n<meta name=\"robots\" content=\"index, follow, max-snippet:-1, max-image-preview:large, max-video-preview:-1\" \/>\n<link rel=\"canonical\" href=\"https:\/\/teachnuclear.ca\/fr\/page-not-found\/\" \/>\n<meta property=\"og:locale\" content=\"fr_FR\" \/>\n<meta property=\"og:type\" content=\"article\" \/>\n<meta property=\"og:title\" content=\"Page non trouv\u00e9e - Teach Nuclear\" \/>\n<meta property=\"og:description\" content=\"Bienvenue sur le nouveau site Web TeachNuclear am\u00e9lior\u00e9! L\u2019Association nucl\u00e9aire canadienne s\u2019est associ\u00e9e \u00e0 Parlons science pour mettre \u00e0 jour les plans de cours align\u00e9s sur le programme. Nous avons \u00e9galement r\u00e9organis\u00e9 notre site Web pour qu\u2019il soit plus facile de trouver les plans de cours qui conviennent \u00e0 vos \u00e9l\u00e8ves. Vous pouvez filtrer par [&hellip;]\" \/>\n<meta property=\"og:url\" content=\"https:\/\/teachnuclear.ca\/fr\/page-not-found\/\" \/>\n<meta property=\"og:site_name\" content=\"Teach Nuclear\" \/>\n<meta property=\"article:modified_time\" content=\"2020-06-25T21:05:42+00:00\" \/>\n<meta name=\"twitter:card\" content=\"summary_large_image\" \/>\n<meta name=\"twitter:label1\" content=\"Est. reading time\" \/>\n\t<meta name=\"twitter:data1\" content=\"1 minute\" \/>\n<script type=\"application\/ld+json\" class=\"yoast-schema-graph\">{\"@context\":\"https:\\\/\\\/schema.org\",\"@graph\":[{\"@type\":\"WebPage\",\"@id\":\"https:\\\/\\\/teachnuclear.ca\\\/fr\\\/page-not-found\\\/\",\"url\":\"https:\\\/\\\/teachnuclear.ca\\\/fr\\\/page-not-found\\\/\",\"name\":\"Page non trouv\u00e9e - Teach Nuclear\",\"isPartOf\":{\"@id\":\"https:\\\/\\\/teachnuclear.ca\\\/#website\"},\"datePublished\":\"2020-06-23T18:52:23+00:00\",\"dateModified\":\"2020-06-25T21:05:42+00:00\",\"breadcrumb\":{\"@id\":\"https:\\\/\\\/teachnuclear.ca\\\/fr\\\/page-not-found\\\/#breadcrumb\"},\"inLanguage\":\"fr-FR\",\"potentialAction\":[{\"@type\":\"ReadAction\",\"target\":[\"https:\\\/\\\/teachnuclear.ca\\\/fr\\\/page-not-found\\\/\"]}]},{\"@type\":\"BreadcrumbList\",\"@id\":\"https:\\\/\\\/teachnuclear.ca\\\/fr\\\/page-not-found\\\/#breadcrumb\",\"itemListElement\":[{\"@type\":\"ListItem\",\"position\":1,\"name\":\"Home\",\"item\":\"https:\\\/\\\/teachnuclear.ca\\\/fr\\\/\"},{\"@type\":\"ListItem\",\"position\":2,\"name\":\"Page non trouv\u00e9e\"}]},{\"@type\":\"WebSite\",\"@id\":\"https:\\\/\\\/teachnuclear.ca\\\/#website\",\"url\":\"https:\\\/\\\/teachnuclear.ca\\\/\",\"name\":\"Teach Nuclear\",\"description\":\"Teach Nuclear\",\"potentialAction\":[{\"@type\":\"SearchAction\",\"target\":{\"@type\":\"EntryPoint\",\"urlTemplate\":\"https:\\\/\\\/teachnuclear.ca\\\/?s={search_term_string}\"},\"query-input\":{\"@type\":\"PropertyValueSpecification\",\"valueRequired\":true,\"valueName\":\"search_term_string\"}}],\"inLanguage\":\"fr-FR\"}]}<\/script>\n<!-- \/ Yoast SEO plugin. -->","yoast_head_json":{"title":"Page non trouv\u00e9e - Teach Nuclear","robots":{"index":"index","follow":"follow","max-snippet":"max-snippet:-1","max-image-preview":"max-image-preview:large","max-video-preview":"max-video-preview:-1"},"canonical":"https:\/\/teachnuclear.ca\/fr\/page-not-found\/","og_locale":"fr_FR","og_type":"article","og_title":"Page non trouv\u00e9e - Teach Nuclear","og_description":"Bienvenue sur le nouveau site Web TeachNuclear am\u00e9lior\u00e9! L\u2019Association nucl\u00e9aire canadienne s\u2019est associ\u00e9e \u00e0 Parlons science pour mettre \u00e0 jour les plans de cours align\u00e9s sur le programme. Nous avons \u00e9galement r\u00e9organis\u00e9 notre site Web pour qu\u2019il soit plus facile de trouver les plans de cours qui conviennent \u00e0 vos \u00e9l\u00e8ves. Vous pouvez filtrer par [&hellip;]","og_url":"https:\/\/teachnuclear.ca\/fr\/page-not-found\/","og_site_name":"Teach Nuclear","article_modified_time":"2020-06-25T21:05:42+00:00","twitter_card":"summary_large_image","twitter_misc":{"Est. reading time":"1 minute"},"schema":{"@context":"https:\/\/schema.org","@graph":[{"@type":"WebPage","@id":"https:\/\/teachnuclear.ca\/fr\/page-not-found\/","url":"https:\/\/teachnuclear.ca\/fr\/page-not-found\/","name":"Page non trouv\u00e9e - Teach Nuclear","isPartOf":{"@id":"https:\/\/teachnuclear.ca\/#website"},"datePublished":"2020-06-23T18:52:23+00:00","dateModified":"2020-06-25T21:05:42+00:00","breadcrumb":{"@id":"https:\/\/teachnuclear.ca\/fr\/page-not-found\/#breadcrumb"},"inLanguage":"fr-FR","potentialAction":[{"@type":"ReadAction","target":["https:\/\/teachnuclear.ca\/fr\/page-not-found\/"]}]},{"@type":"BreadcrumbList","@id":"https:\/\/teachnuclear.ca\/fr\/page-not-found\/#breadcrumb","itemListElement":[{"@type":"ListItem","position":1,"name":"Home","item":"https:\/\/teachnuclear.ca\/fr\/"},{"@type":"ListItem","position":2,"name":"Page non trouv\u00e9e"}]},{"@type":"WebSite","@id":"https:\/\/teachnuclear.ca\/#website","url":"https:\/\/teachnuclear.ca\/","name":"Teach Nuclear","description":"Teach Nuclear","potentialAction":[{"@type":"SearchAction","target":{"@type":"EntryPoint","urlTemplate":"https:\/\/teachnuclear.ca\/?s={search_term_string}"},"query-input":{"@type":"PropertyValueSpecification","valueRequired":true,"valueName":"search_term_string"}}],"inLanguage":"fr-FR"}]}},"_links":{"self":[{"href":"https:\/\/teachnuclear.ca\/fr\/wp-json\/wp\/v2\/pages\/4236","targetHints":{"allow":["GET"]}}],"collection":[{"href":"https:\/\/teachnuclear.ca\/fr\/wp-json\/wp\/v2\/pages"}],"about":[{"href":"https:\/\/teachnuclear.ca\/fr\/wp-json\/wp\/v2\/types\/page"}],"author":[{"embeddable":true,"href":"https:\/\/teachnuclear.ca\/fr\/wp-json\/wp\/v2\/users\/1"}],"replies":[{"embeddable":true,"href":"https:\/\/teachnuclear.ca\/fr\/wp-json\/wp\/v2\/comments?post=4236"}],"version-history":[{"count":3,"href":"https:\/\/teachnuclear.ca\/fr\/wp-json\/wp\/v2\/pages\/4236\/revisions"}],"predecessor-version":[{"id":4244,"href":"https:\/\/teachnuclear.ca\/fr\/wp-json\/wp\/v2\/pages\/4236\/revisions\/4244"}],"wp:attachment":[{"href":"https:\/\/teachnuclear.ca\/fr\/wp-json\/wp\/v2\/media?parent=4236"}],"curies":[{"name":"wp","href":"https:\/\/api.w.org\/{rel}","templated":true}]}}